{"id":401,"date":"2024-12-03T21:00:05","date_gmt":"2024-12-03T21:00:05","guid":{"rendered":"https:\/\/www.diyarkunefekadayifsalonu.com\/menu\/"},"modified":"2024-12-13T09:48:26","modified_gmt":"2024-12-13T09:48:26","slug":"hizmetlerimiz","status":"publish","type":"page","link":"https:\/\/lucareklam.com\/demo1001\/hizmetlerimiz\/","title":{"rendered":"Hizmetlerimiz"},"content":{"rendered":"\t\t<div data-elementor-type=\"wp-page\" data-elementor-id=\"401\" class=\"elementor elementor-401\">\n\t\t\t\t<div class=\"elementor-element elementor-element-6fb6b4a e-flex e-con-boxed wpr-particle-no wpr-jarallax-no wpr-parallax-no wpr-sticky-section-no e-con e-parent\" data-id=\"6fb6b4a\" data-element_type=\"container\" data-settings=\"{&quot;background_background&quot;:&quot;classic&quot;}\">\n\t\t\t\t\t<div class=\"e-con-inner\">\n\t\t<div class=\"elementor-element elementor-element-219dab9 e-con-full e-flex wpr-particle-no wpr-jarallax-no wpr-parallax-no wpr-sticky-section-no e-con e-child\" data-id=\"219dab9\" data-element_type=\"container\">\n\t\t\t\t<div class=\"elementor-element elementor-element-cadf0b0 elementor-widget elementor-widget-heading\" data-id=\"cadf0b0\" data-element_type=\"widget\" data-widget_type=\"heading.default\">\n\t\t\t\t<div class=\"elementor-widget-container\">\n\t\t\t<h1 class=\"elementor-heading-title elementor-size-default\">Hizmetlerimiz<\/h1>\t\t<\/div>\n\t\t\t\t<\/div>\n\t\t\t\t<\/div>\n\t\t\t\t\t<\/div>\n\t\t\t\t<\/div>\n\t\t<div class=\"elementor-element elementor-element-260de79 e-flex e-con-boxed wpr-particle-no wpr-jarallax-no wpr-parallax-no wpr-sticky-section-no e-con e-parent\" data-id=\"260de79\" data-element_type=\"container\" data-settings=\"{&quot;background_background&quot;:&quot;classic&quot;}\">\n\t\t\t\t\t<div class=\"e-con-inner\">\n\t\t\t\t<div class=\"elementor-element elementor-element-f742b1a wpr-item-styles-wrapper elementor-widget__width-inherit wpr-grid-columns-3 wpr-grid-columns--tablet2 wpr-grid-columns--mobile1 elementor-widget elementor-widget-wpr-grid\" data-id=\"f742b1a\" data-element_type=\"widget\" data-widget_type=\"wpr-grid.default\">\n\t\t\t\t<div class=\"elementor-widget-container\">\n\t\t\t<ul class=\"wpr-grid-filters elementor-clearfix wpr-grid-filters-sep-right\"><li class=\" wpr-pointer-none wpr-pointer-line-fx wpr-pointer-fx-none\"><span data-filter=\"*\" class=\"wpr-active-filter \">All Posts<\/span><em class=\"wpr-grid-filters-sep\"><\/em><\/li><li class=\" wpr-pointer-none wpr-pointer-line-fx wpr-pointer-fx-none\"><span  data-filter=\".category-siteluca-com\">Siteluca.com<\/span><em class=\"wpr-grid-filters-sep\"><\/em><\/li><\/ul><section class=\"wpr-grid elementor-clearfix\" data-settings=\"{&quot;layout&quot;:&quot;fitRows&quot;,&quot;stick_last_element_to_bottom&quot;:&quot;&quot;,&quot;columns_desktop&quot;:3,&quot;gutter_hr&quot;:25,&quot;gutter_hr_mobile&quot;:25,&quot;gutter_hr_mobile_extra&quot;:25,&quot;gutter_hr_tablet&quot;:25,&quot;gutter_hr_tablet_extra&quot;:25,&quot;gutter_hr_laptop&quot;:25,&quot;gutter_hr_widescreen&quot;:25,&quot;gutter_vr&quot;:25,&quot;gutter_vr_mobile&quot;:25,&quot;gutter_vr_mobile_extra&quot;:25,&quot;gutter_vr_tablet&quot;:25,&quot;gutter_vr_tablet_extra&quot;:25,&quot;gutter_vr_laptop&quot;:25,&quot;gutter_vr_widescreen&quot;:25,&quot;animation&quot;:&quot;default&quot;,&quot;animation_duration&quot;:0.3,&quot;animation_delay&quot;:0.1,&quot;deeplinking&quot;:&quot;&quot;,&quot;filters_linkable&quot;:&quot;no&quot;,&quot;filters_default_filter&quot;:&quot;&quot;,&quot;filters_count&quot;:&quot;&quot;,&quot;filters_hide_empty&quot;:&quot;no&quot;,&quot;filters_animation&quot;:&quot;default&quot;,&quot;filters_animation_duration&quot;:0.3,&quot;filters_animation_delay&quot;:0.1,&quot;pagination_type&quot;:&quot;load-more&quot;,&quot;pagination_max_pages&quot;:1,&quot;lightbox&quot;:{&quot;selector&quot;:&quot;.wpr-grid-image-wrap&quot;,&quot;iframeMaxWidth&quot;:&quot;60%&quot;,&quot;hash&quot;:false,&quot;autoplay&quot;:&quot;true&quot;,&quot;pause&quot;:5000,&quot;progressBar&quot;:&quot;true&quot;,&quot;counter&quot;:&quot;true&quot;,&quot;controls&quot;:&quot;true&quot;,&quot;getCaptionFromTitleOrAlt&quot;:&quot;true&quot;,&quot;thumbnail&quot;:&quot;&quot;,&quot;showThumbByDefault&quot;:&quot;&quot;,&quot;share&quot;:&quot;&quot;,&quot;zoom&quot;:&quot;true&quot;,&quot;fullScreen&quot;:&quot;true&quot;,&quot;download&quot;:&quot;true&quot;}}\"><article class=\"wpr-grid-item elementor-clearfix post-3541 post type-post status-publish format-standard has-post-thumbnail hentry category-siteluca-com\"><div class=\"wpr-grid-item-inner\"><div class=\"wpr-grid-media-wrap wpr-effect-size-medium \" data-overlay-link=\"yes\"><div class=\"wpr-grid-image-wrap\" data-src=\"https:\/\/lucareklam.com\/demo1001\/wp-content\/uploads\/elementor\/thumbs\/Ekran-goruntusu-2024-12-13-123347-qyfx7asjf2u5fokg5sxmbmmx9jkr4q21mkkgtn7wsk.png\" data-img-on-hover=\"\"  data-src-secondary=\"\"><img decoding=\"async\" data-no-lazy=\"1\" src=\"https:\/\/lucareklam.com\/demo1001\/wp-content\/uploads\/elementor\/thumbs\/Ekran-goruntusu-2024-12-13-123347-qyfx7asjf2u5fokg5sxmbmmx9jkr4q21mkkgtn7wsk.png\" alt=\"Hizmet Ba\u015fl\u0131k\" class=\"wpr-anim-timing-ease-default\"><\/div><div class=\"wpr-grid-media-hover wpr-animation-wrap\"><div class=\"wpr-grid-media-hover-bg  wpr-overlay-fade-in wpr-anim-size-large wpr-anim-timing-ease-default wpr-anim-transparency\" data-url=\"https:\/\/lucareklam.com\/demo1001\/hizmet-baslik-5\/\"><\/div><\/div><\/div><div class=\"wpr-grid-item-below-content elementor-clearfix\"><h2 class=\"wpr-grid-item-title elementor-repeater-item-0fdd264 wpr-grid-item-display-block wpr-grid-item-align-left wpr-pointer-none wpr-pointer-line-fx wpr-pointer-fx-fade\"><div class=\"inner-block\"><a target=\"_self\"  href=\"https:\/\/lucareklam.com\/demo1001\/hizmet-baslik-5\/\">Hizmet Ba\u015fl\u0131k<\/a><\/div><\/h2><div class=\"wpr-grid-item-read-more elementor-repeater-item-690f5e9 wpr-grid-item-display-block wpr-grid-item-align-left\"><div class=\"inner-block\"><a target=\"_self\" href=\"https:\/\/lucareklam.com\/demo1001\/hizmet-baslik-5\/\" class=\"wpr-button-effect wpr-button-none\"><span>\u0130ncele<\/span><\/a><\/div><\/div><\/div><\/div><\/article><article class=\"wpr-grid-item elementor-clearfix post-3539 post type-post status-publish format-standard has-post-thumbnail hentry category-siteluca-com\"><div class=\"wpr-grid-item-inner\"><div class=\"wpr-grid-media-wrap wpr-effect-size-medium \" data-overlay-link=\"yes\"><div class=\"wpr-grid-image-wrap\" data-src=\"https:\/\/lucareklam.com\/demo1001\/wp-content\/uploads\/elementor\/thumbs\/Ekran-goruntusu-2024-12-13-123347-qyfx7asjf2u5fokg5sxmbmmx9jkr4q21mkkgtn7wsk.png\" data-img-on-hover=\"\"  data-src-secondary=\"\"><img decoding=\"async\" data-no-lazy=\"1\" src=\"https:\/\/lucareklam.com\/demo1001\/wp-content\/uploads\/elementor\/thumbs\/Ekran-goruntusu-2024-12-13-123347-qyfx7asjf2u5fokg5sxmbmmx9jkr4q21mkkgtn7wsk.png\" alt=\"Hizmet Ba\u015fl\u0131k\" class=\"wpr-anim-timing-ease-default\"><\/div><div class=\"wpr-grid-media-hover wpr-animation-wrap\"><div class=\"wpr-grid-media-hover-bg  wpr-overlay-fade-in wpr-anim-size-large wpr-anim-timing-ease-default wpr-anim-transparency\" data-url=\"https:\/\/lucareklam.com\/demo1001\/hizmet-baslik-4\/\"><\/div><\/div><\/div><div class=\"wpr-grid-item-below-content elementor-clearfix\"><h2 class=\"wpr-grid-item-title elementor-repeater-item-0fdd264 wpr-grid-item-display-block wpr-grid-item-align-left wpr-pointer-none wpr-pointer-line-fx wpr-pointer-fx-fade\"><div class=\"inner-block\"><a target=\"_self\"  href=\"https:\/\/lucareklam.com\/demo1001\/hizmet-baslik-4\/\">Hizmet Ba\u015fl\u0131k<\/a><\/div><\/h2><div class=\"wpr-grid-item-read-more elementor-repeater-item-690f5e9 wpr-grid-item-display-block wpr-grid-item-align-left\"><div class=\"inner-block\"><a target=\"_self\" href=\"https:\/\/lucareklam.com\/demo1001\/hizmet-baslik-4\/\" class=\"wpr-button-effect wpr-button-none\"><span>\u0130ncele<\/span><\/a><\/div><\/div><\/div><\/div><\/article><article class=\"wpr-grid-item elementor-clearfix post-3537 post type-post status-publish format-standard has-post-thumbnail hentry category-siteluca-com\"><div class=\"wpr-grid-item-inner\"><div class=\"wpr-grid-media-wrap wpr-effect-size-medium \" data-overlay-link=\"yes\"><div class=\"wpr-grid-image-wrap\" data-src=\"https:\/\/lucareklam.com\/demo1001\/wp-content\/uploads\/elementor\/thumbs\/Ekran-goruntusu-2024-12-13-123347-qyfx7asjf2u5fokg5sxmbmmx9jkr4q21mkkgtn7wsk.png\" data-img-on-hover=\"\"  data-src-secondary=\"\"><img decoding=\"async\" data-no-lazy=\"1\" src=\"https:\/\/lucareklam.com\/demo1001\/wp-content\/uploads\/elementor\/thumbs\/Ekran-goruntusu-2024-12-13-123347-qyfx7asjf2u5fokg5sxmbmmx9jkr4q21mkkgtn7wsk.png\" alt=\"Hizmet Ba\u015fl\u0131k\" class=\"wpr-anim-timing-ease-default\"><\/div><div class=\"wpr-grid-media-hover wpr-animation-wrap\"><div class=\"wpr-grid-media-hover-bg  wpr-overlay-fade-in wpr-anim-size-large wpr-anim-timing-ease-default wpr-anim-transparency\" data-url=\"https:\/\/lucareklam.com\/demo1001\/hizmet-baslik-3\/\"><\/div><\/div><\/div><div class=\"wpr-grid-item-below-content elementor-clearfix\"><h2 class=\"wpr-grid-item-title elementor-repeater-item-0fdd264 wpr-grid-item-display-block wpr-grid-item-align-left wpr-pointer-none wpr-pointer-line-fx wpr-pointer-fx-fade\"><div class=\"inner-block\"><a target=\"_self\"  href=\"https:\/\/lucareklam.com\/demo1001\/hizmet-baslik-3\/\">Hizmet Ba\u015fl\u0131k<\/a><\/div><\/h2><div class=\"wpr-grid-item-read-more elementor-repeater-item-690f5e9 wpr-grid-item-display-block wpr-grid-item-align-left\"><div class=\"inner-block\"><a target=\"_self\" href=\"https:\/\/lucareklam.com\/demo1001\/hizmet-baslik-3\/\" class=\"wpr-button-effect wpr-button-none\"><span>\u0130ncele<\/span><\/a><\/div><\/div><\/div><\/div><\/article><article class=\"wpr-grid-item elementor-clearfix post-3535 post type-post status-publish format-standard has-post-thumbnail hentry category-siteluca-com\"><div class=\"wpr-grid-item-inner\"><div class=\"wpr-grid-media-wrap wpr-effect-size-medium \" data-overlay-link=\"yes\"><div class=\"wpr-grid-image-wrap\" data-src=\"https:\/\/lucareklam.com\/demo1001\/wp-content\/uploads\/elementor\/thumbs\/Ekran-goruntusu-2024-12-13-123347-qyfx7asjf2u5fokg5sxmbmmx9jkr4q21mkkgtn7wsk.png\" data-img-on-hover=\"\"  data-src-secondary=\"\"><img decoding=\"async\" data-no-lazy=\"1\" src=\"https:\/\/lucareklam.com\/demo1001\/wp-content\/uploads\/elementor\/thumbs\/Ekran-goruntusu-2024-12-13-123347-qyfx7asjf2u5fokg5sxmbmmx9jkr4q21mkkgtn7wsk.png\" alt=\"Hizmet Ba\u015fl\u0131k\" class=\"wpr-anim-timing-ease-default\"><\/div><div class=\"wpr-grid-media-hover wpr-animation-wrap\"><div class=\"wpr-grid-media-hover-bg  wpr-overlay-fade-in wpr-anim-size-large wpr-anim-timing-ease-default wpr-anim-transparency\" data-url=\"https:\/\/lucareklam.com\/demo1001\/hizmet-baslik-2\/\"><\/div><\/div><\/div><div class=\"wpr-grid-item-below-content elementor-clearfix\"><h2 class=\"wpr-grid-item-title elementor-repeater-item-0fdd264 wpr-grid-item-display-block wpr-grid-item-align-left wpr-pointer-none wpr-pointer-line-fx wpr-pointer-fx-fade\"><div class=\"inner-block\"><a target=\"_self\"  href=\"https:\/\/lucareklam.com\/demo1001\/hizmet-baslik-2\/\">Hizmet Ba\u015fl\u0131k<\/a><\/div><\/h2><div class=\"wpr-grid-item-read-more elementor-repeater-item-690f5e9 wpr-grid-item-display-block wpr-grid-item-align-left\"><div class=\"inner-block\"><a target=\"_self\" href=\"https:\/\/lucareklam.com\/demo1001\/hizmet-baslik-2\/\" class=\"wpr-button-effect wpr-button-none\"><span>\u0130ncele<\/span><\/a><\/div><\/div><\/div><\/div><\/article><article class=\"wpr-grid-item elementor-clearfix post-3530 post type-post status-publish format-standard has-post-thumbnail hentry category-siteluca-com\"><div class=\"wpr-grid-item-inner\"><div class=\"wpr-grid-media-wrap wpr-effect-size-medium \" data-overlay-link=\"yes\"><div class=\"wpr-grid-image-wrap\" data-src=\"https:\/\/lucareklam.com\/demo1001\/wp-content\/uploads\/elementor\/thumbs\/Ekran-goruntusu-2024-12-13-123347-qyfx7asjf2u5fokg5sxmbmmx9jkr4q21mkkgtn7wsk.png\" data-img-on-hover=\"\"  data-src-secondary=\"\"><img decoding=\"async\" data-no-lazy=\"1\" src=\"https:\/\/lucareklam.com\/demo1001\/wp-content\/uploads\/elementor\/thumbs\/Ekran-goruntusu-2024-12-13-123347-qyfx7asjf2u5fokg5sxmbmmx9jkr4q21mkkgtn7wsk.png\" alt=\"Hizmet Ba\u015fl\u0131k\" class=\"wpr-anim-timing-ease-default\"><\/div><div class=\"wpr-grid-media-hover wpr-animation-wrap\"><div class=\"wpr-grid-media-hover-bg  wpr-overlay-fade-in wpr-anim-size-large wpr-anim-timing-ease-default wpr-anim-transparency\" data-url=\"https:\/\/lucareklam.com\/demo1001\/hizmet-baslik\/\"><\/div><\/div><\/div><div class=\"wpr-grid-item-below-content elementor-clearfix\"><h2 class=\"wpr-grid-item-title elementor-repeater-item-0fdd264 wpr-grid-item-display-block wpr-grid-item-align-left wpr-pointer-none wpr-pointer-line-fx wpr-pointer-fx-fade\"><div class=\"inner-block\"><a target=\"_self\"  href=\"https:\/\/lucareklam.com\/demo1001\/hizmet-baslik\/\">Hizmet Ba\u015fl\u0131k<\/a><\/div><\/h2><div class=\"wpr-grid-item-read-more elementor-repeater-item-690f5e9 wpr-grid-item-display-block wpr-grid-item-align-left\"><div class=\"inner-block\"><a target=\"_self\" href=\"https:\/\/lucareklam.com\/demo1001\/hizmet-baslik\/\" class=\"wpr-button-effect wpr-button-none\"><span>\u0130ncele<\/span><\/a><\/div><\/div><\/div><\/div><\/article><\/section>\t\t<\/div>\n\t\t\t\t<\/div>\n\t\t\t\t\t<\/div>\n\t\t\t\t<\/div>\n\t\t\t\t<\/div>\n\t\t","protected":false},"excerpt":{"rendered":"<p>Hizmetlerimiz All Posts Siteluca.com Hizmet Ba\u015fl\u0131k \u0130ncele Hizmet Ba\u015fl\u0131k \u0130ncele Hizmet Ba\u015fl\u0131k \u0130ncele Hizmet Ba\u015fl\u0131k \u0130ncele Hizmet Ba\u015fl\u0131k \u0130ncele<\/p>\n","protected":false},"author":1,"featured_media":0,"parent":0,"menu_order":0,"comment_status":"closed","ping_status":"closed","template":"","meta":{"site-sidebar-layout":"no-sidebar","site-content-layout":"page-builder","ast-site-content-layout":"full-width-container","site-content-style":"unboxed","site-sidebar-style":"unboxed","ast-global-header-display":"","ast-banner-title-visibility":"","ast-main-header-display":"","ast-hfb-above-header-display":"","ast-hfb-below-header-display":"","ast-hfb-mobile-header-display":"","site-post-title":"disabled","ast-breadcrumbs-content":"disabled","ast-featured-img":"disabled","footer-sml-layout":"","theme-transparent-header-meta":"disabled","adv-header-id-meta":"","stick-header-meta":"","header-above-stick-meta":"","header-main-stick-meta":"","header-below-stick-meta":"","astra-migrate-meta-layouts":"set","ast-page-background-enabled":"default","ast-page-background-meta":{"desktop":{"background-color":"","background-image":"","background-repeat":"repeat","background-position":"center center","background-size":"auto","background-attachment":"scroll","background-type":"","background-media":"","overlay-type":"","overlay-color":"","overlay-opacity":"","overlay-gradient":""},"tablet":{"background-color":"","background-image":"","background-repeat":"repeat","background-position":"center center","background-size":"auto","background-attachment":"scroll","background-type":"","background-media":"","overlay-type":"","overlay-color":"","overlay-opacity":"","overlay-gradient":""},"mobile":{"background-color":"","background-image":"","background-repeat":"repeat","background-position":"center center","background-size":"auto","background-attachment":"scroll","background-type":"","background-media":"","overlay-type":"","overlay-color":"","overlay-opacity":"","overlay-gradient":""}},"ast-content-background-meta":{"desktop":{"background-color":"var(--ast-global-color-5)","background-image":"","background-repeat":"repeat","background-position":"center center","background-size":"auto","background-attachment":"scroll","background-type":"","background-media":"","overlay-type":"","overlay-color":"","overlay-opacity":"","overlay-gradient":""},"tablet":{"background-color":"var(--ast-global-color-5)","background-image":"","background-repeat":"repeat","background-position":"center center","background-size":"auto","background-attachment":"scroll","background-type":"","background-media":"","overlay-type":"","overlay-color":"","overlay-opacity":"","overlay-gradient":""},"mobile":{"background-color":"var(--ast-global-color-5)","background-image":"","background-repeat":"repeat","background-position":"center center","background-size":"auto","background-attachment":"scroll","background-type":"","background-media":"","overlay-type":"","overlay-color":"","overlay-opacity":"","overlay-gradient":""}},"ngg_post_thumbnail":0,"footnotes":""},"class_list":["post-401","page","type-page","status-publish","hentry"],"_links":{"self":[{"href":"https:\/\/lucareklam.com\/demo1001\/wp-json\/wp\/v2\/pages\/401","targetHints":{"allow":["GET"]}}],"collection":[{"href":"https:\/\/lucareklam.com\/demo1001\/wp-json\/wp\/v2\/pages"}],"about":[{"href":"https:\/\/lucareklam.com\/demo1001\/wp-json\/wp\/v2\/types\/page"}],"author":[{"embeddable":true,"href":"https:\/\/lucareklam.com\/demo1001\/wp-json\/wp\/v2\/users\/1"}],"replies":[{"embeddable":true,"href":"https:\/\/lucareklam.com\/demo1001\/wp-json\/wp\/v2\/comments?post=401"}],"version-history":[{"count":10,"href":"https:\/\/lucareklam.com\/demo1001\/wp-json\/wp\/v2\/pages\/401\/revisions"}],"predecessor-version":[{"id":3604,"href":"https:\/\/lucareklam.com\/demo1001\/wp-json\/wp\/v2\/pages\/401\/revisions\/3604"}],"wp:attachment":[{"href":"https:\/\/lucareklam.com\/demo1001\/wp-json\/wp\/v2\/media?parent=401"}],"curies":[{"name":"wp","href":"https:\/\/api.w.org\/{rel}","templated":true}]}}